{"id":4915,"date":"2023-05-08T05:27:46","date_gmt":"2023-05-08T05:27:46","guid":{"rendered":"https:\/\/apexmarketingservices.net\/theratio\/?page_id=4915"},"modified":"2024-12-28T08:02:50","modified_gmt":"2024-12-28T08:02:50","slug":"terms-of-use","status":"publish","type":"page","link":"https:\/\/labmodul.com\/da\/terms-of-use\/","title":{"rendered":"Terms of Use"},"content":{"rendered":"<div data-elementor-type=\"wp-page\" data-elementor-id=\"4915\" class=\"elementor elementor-4915\">\n\t\t\t\t\t\t<section class=\"elementor-section elementor-top-section elementor-element elementor-element-7aa772a elementor-section-boxed elementor-section-height-default elementor-section-height-default\" data-id=\"7aa772a\" data-element_type=\"section\">\n\t\t\t\t\t\t<div class=\"elementor-container elementor-column-gap-default\">\n\t\t\t\t\t<div class=\"elementor-column elementor-col-100 elementor-top-column elementor-element elementor-element-0704289 ot-flex-column-vertical\" data-id=\"0704289\" data-element_type=\"column\">\n\t\t\t<div class=\"elementor-widget-wrap elementor-element-populated\">\n\t\t\t\t\t\t<div class=\"elementor-element elementor-element-7b39fc2 elementor-widget elementor-widget-text-editor\" data-id=\"7b39fc2\" data-element_type=\"widget\" data-widget_type=\"text-editor.default\">\n\t\t\t\t<div class=\"elementor-widget-container\">\n\t\t\t\t\t\t\t\t\t<p>Velkommen til vores hjemmeside! Disse brugsbetingelser regulerer din brug af vores hjemmeside, som ejes og drives af Labmodul A\/S. Ved at bruge vores websted accepterer du at v\u00e6re bundet af disse vilk\u00e5r. Hvis du ikke accepterer disse vilk\u00e5r, m\u00e5 du ikke bruge vores websted.<\/p><p>Brug af webstedet: Vores websted er beregnet til kommerciel brug. Du m\u00e5 kun bruge vores websted til lovlige form\u00e5l og i overensstemmelse med disse vilk\u00e5r.<\/p><p>Forbudt adf\u00e6rd: Du m\u00e5 ikke bruge vores websted til: (a) at overtr\u00e6de g\u00e6ldende love eller regler; (b) kr\u00e6nke en tredjeparts intellektuelle ejendomsret eller andre rettigheder; (c) re-poste eller overf\u00f8re materiale, der er kr\u00e6nkende, \u00e6rekr\u00e6nkende, obsk\u00f8nt, vulg\u00e6rt eller p\u00e5 anden m\u00e5de st\u00f8dende; (d) deltage i enhver aktivitet, der kan beskadige, deaktivere, overbelaste eller forringe vores websted eller forstyrre andre parters brug af vores websted; (e) fors\u00f8ge at f\u00e5 uautoriseret adgang til en del af vores websted eller andre konti, computersystemer eller netv\u00e6rk forbundet til vores websted; (f) bruge enhver enhed, software eller rutine, der forstyrrer den korrekte funktion af vores websted eller enhver transaktion, der udf\u00f8res p\u00e5 vores websted; eller (g) bruge vores websted til at overf\u00f8re vira, orme, defekter, trojanske heste eller andre genstande af destruktiv karakter.<\/p><p>Immaterielle rettigheder: Indholdet p\u00e5 vores websted, herunder uden begr\u00e6nsning, tekst, grafik, fotos og andre materialer og varem\u00e6rkerne, servicem\u00e6rkerne og logoerne indeholdt deri (\"Immateriell ejendom\") ejes af os eller vores licensgivere og er beskyttet under b\u00e5de amerikansk og udenlandsk lovgivning. Du m\u00e5 ikke reproducere, \u00e6ndre, distribuere, transmittere, vise, udf\u00f8re eller p\u00e5 anden m\u00e5de bruge den intellektuelle ejendomsret p\u00e5 nogen m\u00e5de til offentlige eller kommercielle form\u00e5l uden vores forudg\u00e5ende skriftlige samtykke.<\/p><p>Links til tredjeparters websteder: Vores websted kan indeholde links til tredjeparts websteder eller ressourcer. Vi leverer kun disse links som en bekvemmelighed og er ikke ansvarlige for indhold, produkter eller tjenester p\u00e5 eller tilg\u00e6ngelige fra disse websteder eller ressourcer. Du anerkender eneansvar for og p\u00e5tager dig alle risici, der opst\u00e5r ved din brug af s\u00e5danne websteder eller ressourcer.<\/p><p>Ansvarsfraskrivelser: Vores websted leveres p\u00e5 et \"som det er\" og \"som det er tilg\u00e6ngeligt\" grundlag uden nogen garantier af nogen art, hverken udtrykkelige eller underforst\u00e5ede, herunder men ikke begr\u00e6nset til underforst\u00e5ede garantier for salgbarhed, egnethed til et bestemt form\u00e5l og ikke- kr\u00e6nkelse. Vi garanterer ikke, at vores websted vil v\u00e6re uafbrudt eller fejlfrit, at defekter vil blive rettet, eller at vores websted eller de servere, der g\u00f8r det tilg\u00e6ngeligt, er fri for virus eller andre skadelige komponenter. Du bruger vores websted p\u00e5 egen risiko.<\/p><p>Ansvarsbegr\u00e6nsning: Vi vil under ingen omst\u00e6ndigheder v\u00e6re ansvarlige over for dig eller nogen tredjepart for indirekte, f\u00f8lgeskader, tilf\u00e6ldige, s\u00e6rlige eller strafbare skader, der opst\u00e5r som f\u00f8lge af eller i forbindelse med din brug af vores websted, uanset om det er baseret p\u00e5 uagtsomhed, strengt ansvar eller anden juridisk teori,<\/p>\t\t\t\t\t\t\t\t<\/div>\n\t\t\t\t<\/div>\n\t\t\t\t\t<\/div>\n\t\t<\/div>\n\t\t\t\t\t<\/div>\n\t\t<\/section>\n\t\t\t\t<\/div>","protected":false},"excerpt":{"rendered":"<p>Welcome to our website! These Terms of Use govern your use of our website, which is owned and operated by Labmodul A\/S. By using our Site, you agree to be bound by these Terms. If you do not agree to these Terms, you may not use our Site. Use of Site: Our Site is intended [&hellip;]<\/p>","protected":false},"author":1,"featured_media":0,"parent":0,"menu_order":0,"comment_status":"closed","ping_status":"closed","template":"","meta":{"_acf_changed":false,"footnotes":""},"class_list":["post-4915","page","type-page","status-publish","hentry"],"acf":[],"yoast_head":"<!-- This site is optimized with the Yoast SEO plugin v24.3 - https:\/\/yoast.com\/wordpress\/plugins\/seo\/ -->\n<title>Terms of Use - Labmodul<\/title>\n<meta name=\"robots\" content=\"index, follow, max-snippet:-1, max-image-preview:large, max-video-preview:-1\" \/>\n<link rel=\"canonical\" href=\"https:\/\/labmodul.com\/da\/terms-of-use\/\" \/>\n<meta property=\"og:locale\" content=\"da_DK\" \/>\n<meta property=\"og:type\" content=\"article\" \/>\n<meta property=\"og:title\" content=\"Terms of Use - Labmodul\" \/>\n<meta property=\"og:description\" content=\"Welcome to our website! These Terms of Use govern your use of our website, which is owned and operated by Labmodul A\/S. By using our Site, you agree to be bound by these Terms. If you do not agree to these Terms, you may not use our Site. Use of Site: Our Site is intended [&hellip;]\" \/>\n<meta property=\"og:url\" content=\"https:\/\/labmodul.com\/da\/terms-of-use\/\" \/>\n<meta property=\"og:site_name\" content=\"Labmodul\" \/>\n<meta property=\"article:modified_time\" content=\"2024-12-28T08:02:50+00:00\" \/>\n<meta name=\"twitter:card\" content=\"summary_large_image\" \/>\n<meta name=\"twitter:label1\" content=\"Estimeret l\u00e6setid\" \/>\n\t<meta name=\"twitter:data1\" content=\"2 minutter\" \/>\n<script type=\"application\/ld+json\" class=\"yoast-schema-graph\">{\"@context\":\"https:\/\/schema.org\",\"@graph\":[{\"@type\":\"WebPage\",\"@id\":\"https:\/\/labmodul.com\/da\/terms-of-use\/\",\"url\":\"https:\/\/labmodul.com\/da\/terms-of-use\/\",\"name\":\"Terms of Use - Labmodul\",\"isPartOf\":{\"@id\":\"https:\/\/labmodul.com\/#website\"},\"datePublished\":\"2023-05-08T05:27:46+00:00\",\"dateModified\":\"2024-12-28T08:02:50+00:00\",\"breadcrumb\":{\"@id\":\"https:\/\/labmodul.com\/da\/terms-of-use\/#breadcrumb\"},\"inLanguage\":\"da-DK\",\"potentialAction\":[{\"@type\":\"ReadAction\",\"target\":[\"https:\/\/labmodul.com\/da\/terms-of-use\/\"]}]},{\"@type\":\"BreadcrumbList\",\"@id\":\"https:\/\/labmodul.com\/da\/terms-of-use\/#breadcrumb\",\"itemListElement\":[{\"@type\":\"ListItem\",\"position\":1,\"name\":\"Home\",\"item\":\"https:\/\/labmodul.com\/\"},{\"@type\":\"ListItem\",\"position\":2,\"name\":\"Terms of Use\"}]},{\"@type\":\"WebSite\",\"@id\":\"https:\/\/labmodul.com\/#website\",\"url\":\"https:\/\/labmodul.com\/\",\"name\":\"Labmodul\",\"description\":\"Designing Safety\",\"potentialAction\":[{\"@type\":\"SearchAction\",\"target\":{\"@type\":\"EntryPoint\",\"urlTemplate\":\"https:\/\/labmodul.com\/?s={search_term_string}\"},\"query-input\":{\"@type\":\"PropertyValueSpecification\",\"valueRequired\":true,\"valueName\":\"search_term_string\"}}],\"inLanguage\":\"da-DK\"}]}<\/script>\n<!-- \/ Yoast SEO plugin. -->","yoast_head_json":{"title":"Terms of Use - Labmodul","robots":{"index":"index","follow":"follow","max-snippet":"max-snippet:-1","max-image-preview":"max-image-preview:large","max-video-preview":"max-video-preview:-1"},"canonical":"https:\/\/labmodul.com\/da\/terms-of-use\/","og_locale":"da_DK","og_type":"article","og_title":"Terms of Use - Labmodul","og_description":"Welcome to our website! These Terms of Use govern your use of our website, which is owned and operated by Labmodul A\/S. By using our Site, you agree to be bound by these Terms. If you do not agree to these Terms, you may not use our Site. Use of Site: Our Site is intended [&hellip;]","og_url":"https:\/\/labmodul.com\/da\/terms-of-use\/","og_site_name":"Labmodul","article_modified_time":"2024-12-28T08:02:50+00:00","twitter_card":"summary_large_image","twitter_misc":{"Estimeret l\u00e6setid":"2 minutter"},"schema":{"@context":"https:\/\/schema.org","@graph":[{"@type":"WebPage","@id":"https:\/\/labmodul.com\/da\/terms-of-use\/","url":"https:\/\/labmodul.com\/da\/terms-of-use\/","name":"Terms of Use - Labmodul","isPartOf":{"@id":"https:\/\/labmodul.com\/#website"},"datePublished":"2023-05-08T05:27:46+00:00","dateModified":"2024-12-28T08:02:50+00:00","breadcrumb":{"@id":"https:\/\/labmodul.com\/da\/terms-of-use\/#breadcrumb"},"inLanguage":"da-DK","potentialAction":[{"@type":"ReadAction","target":["https:\/\/labmodul.com\/da\/terms-of-use\/"]}]},{"@type":"BreadcrumbList","@id":"https:\/\/labmodul.com\/da\/terms-of-use\/#breadcrumb","itemListElement":[{"@type":"ListItem","position":1,"name":"Home","item":"https:\/\/labmodul.com\/"},{"@type":"ListItem","position":2,"name":"Terms of Use"}]},{"@type":"WebSite","@id":"https:\/\/labmodul.com\/#website","url":"https:\/\/labmodul.com\/","name":"Labmodul","description":"Designing Safety","potentialAction":[{"@type":"SearchAction","target":{"@type":"EntryPoint","urlTemplate":"https:\/\/labmodul.com\/?s={search_term_string}"},"query-input":{"@type":"PropertyValueSpecification","valueRequired":true,"valueName":"search_term_string"}}],"inLanguage":"da-DK"}]}},"_links":{"self":[{"href":"https:\/\/labmodul.com\/da\/wp-json\/wp\/v2\/pages\/4915","targetHints":{"allow":["GET"]}}],"collection":[{"href":"https:\/\/labmodul.com\/da\/wp-json\/wp\/v2\/pages"}],"about":[{"href":"https:\/\/labmodul.com\/da\/wp-json\/wp\/v2\/types\/page"}],"author":[{"embeddable":true,"href":"https:\/\/labmodul.com\/da\/wp-json\/wp\/v2\/users\/1"}],"replies":[{"embeddable":true,"href":"https:\/\/labmodul.com\/da\/wp-json\/wp\/v2\/comments?post=4915"}],"version-history":[{"count":13,"href":"https:\/\/labmodul.com\/da\/wp-json\/wp\/v2\/pages\/4915\/revisions"}],"predecessor-version":[{"id":7945,"href":"https:\/\/labmodul.com\/da\/wp-json\/wp\/v2\/pages\/4915\/revisions\/7945"}],"wp:attachment":[{"href":"https:\/\/labmodul.com\/da\/wp-json\/wp\/v2\/media?parent=4915"}],"curies":[{"name":"wp","href":"https:\/\/api.w.org\/{rel}","templated":true}]}}