{"id":2546,"date":"2020-05-15T11:06:23","date_gmt":"2020-05-15T11:06:23","guid":{"rendered":"http:\/\/localhost\/theratio\/?page_id=2546"},"modified":"2024-07-30T10:56:13","modified_gmt":"2024-07-30T10:56:13","slug":"furniture-decor","status":"publish","type":"page","link":"https:\/\/labmodul.com\/da\/furniture-decor\/","title":{"rendered":"Inventar &amp; Decor"},"content":{"rendered":"<div data-elementor-type=\"wp-page\" data-elementor-id=\"2546\" class=\"elementor elementor-2546\">\n\t\t\t\t\t\t<section class=\"elementor-section elementor-top-section elementor-element elementor-element-9bb2b91 elementor-section-boxed elementor-section-height-default elementor-section-height-default\" data-id=\"9bb2b91\" data-element_type=\"section\">\n\t\t\t\t\t\t<div class=\"elementor-container elementor-column-gap-extended\">\n\t\t\t\t\t<div class=\"elementor-column elementor-col-50 elementor-top-column elementor-element elementor-element-a80fe3d ot-flex-column-vertical\" data-id=\"a80fe3d\" data-element_type=\"column\">\n\t\t\t<div class=\"elementor-widget-wrap elementor-element-populated\">\n\t\t\t\t\t\t<div class=\"elementor-element elementor-element-4f5538f widget-area elementor-widget elementor-widget-sidebar\" data-id=\"4f5538f\" data-element_type=\"widget\" data-widget_type=\"sidebar.default\">\n\t\t\t\t<div class=\"elementor-widget-container\">\n\t\t\t\t\t<section id=\"nav_menu-1\" class=\"widget widget_nav_menu\"><div class=\"menu-menu-service-container\"><ul id=\"menu-menu-service\" class=\"menu\"><li id=\"menu-item-4831\" class=\"menu-item menu-item-type-post_type menu-item-object-page menu-item-4831\"><a href=\"https:\/\/labmodul.com\/da\/design-planning\/\">01. Design &amp; Planl\u00e6gning<\/a><\/li>\n<li id=\"menu-item-4830\" class=\"menu-item menu-item-type-post_type menu-item-object-page menu-item-4830\"><a href=\"https:\/\/labmodul.com\/da\/custom-solutions\/\">02. Kundetilpassede l\u00f8sninger<\/a><\/li>\n<li id=\"menu-item-4833\" class=\"menu-item menu-item-type-post_type menu-item-object-page menu-item-4833\"><a href=\"https:\/\/labmodul.com\/da\/furniture-decor\/\">03. Inventar &amp; Decor<\/a><\/li>\n<\/ul><\/div><\/section>\t\t\t\t<\/div>\n\t\t\t\t<\/div>\n\t\t\t\t\t<\/div>\n\t\t<\/div>\n\t\t\t\t<div class=\"elementor-column elementor-col-50 elementor-top-column elementor-element elementor-element-de2ce27 ot-flex-column-vertical\" data-id=\"de2ce27\" data-element_type=\"column\">\n\t\t\t<div class=\"elementor-widget-wrap elementor-element-populated\">\n\t\t\t\t\t\t<div class=\"elementor-element elementor-element-6fb46e2 elementor-widget elementor-widget-html\" data-id=\"6fb46e2\" data-element_type=\"widget\" data-widget_type=\"html.default\">\n\t\t\t\t<div class=\"elementor-widget-container\">\n\t\t\t\t\t<style>\n.page-header {\n  background-image: url(https:\/\/labmodul.com\/wp-content\/uploads\/2024\/07\/3-designk.jpg) !important;\n}\n<\/style>\t\t\t\t<\/div>\n\t\t\t\t<\/div>\n\t\t\t\t<div class=\"elementor-element elementor-element-2cf13f7 elementor-widget elementor-widget-iheading\" data-id=\"2cf13f7\" data-element_type=\"widget\" data-widget_type=\"iheading.default\">\n\t\t\t\t<div class=\"elementor-widget-container\">\n\t\t\t\t\t\t\t<div class=\"ot-heading\">\r\n\t        \t            <span>[hvad vi tilbyder]<\/span>\r\n\t        \t        <h2 class=\"main-heading\">L\u00f8sninger til alle behov i et moderne design der opfylder internationale standarder.<\/h2>\r\n\t        \t    <\/div>\r\n\t    \t\t\t\t<\/div>\n\t\t\t\t<\/div>\n\t\t\t\t<div class=\"elementor-element elementor-element-7e3d3f1 elementor-widget elementor-widget-text-editor\" data-id=\"7e3d3f1\" data-element_type=\"widget\" data-widget_type=\"text-editor.default\">\n\t\t\t\t<div class=\"elementor-widget-container\">\n\t\t\t\t\t\t\t\t\t<p>Vi skaber og producerer produktdesignlinjer, der leverer attraktive arbejdspladser i et tidl\u00f8st moderne design, der tager hensyn til behov og pr\u00e6ferencer og produkternes funktionalitet og anvendelighed.<\/p><p>Gennem markedsunders\u00f8gelser, innovation og pr\u00e6ferencer inden for arbejdspladsdesign samt vores kunders behov er vi i evig udvikling for at levere nye banebrydende produkter.<\/p><p>Vi overvejer l\u00f8bende faktorer som materialer og finish for at sikre, at produktdesignlinjer er b\u00e5de visuelt tiltalende og funktionelle og overholder vores krav til b\u00e6redygtige og milj\u00f8venlige materialer og produktionsmetoder som en ansvarlig klimaparat virksomhed.<\/p><p>Labmodul fokuserer p\u00e5 at levere attraktive arbejdspladser i et tidl\u00f8st moderne design, der opfylder behov og pr\u00e6ferencer.<\/p>\t\t\t\t\t\t\t\t<\/div>\n\t\t\t\t<\/div>\n\t\t\t\t<div class=\"elementor-element elementor-element-7eeb88d elementor-widget elementor-widget-image\" data-id=\"7eeb88d\" data-element_type=\"widget\" data-widget_type=\"image.default\">\n\t\t\t\t<div class=\"elementor-widget-container\">\n\t\t\t\t\t\t\t\t\t\t\t\t\t\t\t<img fetchpriority=\"high\" decoding=\"async\" width=\"778\" height=\"519\" src=\"https:\/\/labmodul.com\/wp-content\/uploads\/2024\/07\/2-Showroom-desk.jpg\" class=\"attachment-full size-full wp-image-6443\" alt=\"\" srcset=\"https:\/\/labmodul.com\/wp-content\/uploads\/2024\/07\/2-Showroom-desk.jpg 778w, https:\/\/labmodul.com\/wp-content\/uploads\/2024\/07\/2-Showroom-desk-300x200.jpg 300w, https:\/\/labmodul.com\/wp-content\/uploads\/2024\/07\/2-Showroom-desk-768x512.jpg 768w, https:\/\/labmodul.com\/wp-content\/uploads\/2024\/07\/2-Showroom-desk-18x12.jpg 18w\" sizes=\"(max-width: 778px) 100vw, 778px\" \/>\t\t\t\t\t\t\t\t\t\t\t\t\t\t\t<\/div>\n\t\t\t\t<\/div>\n\t\t\t\t\t<\/div>\n\t\t<\/div>\n\t\t\t\t\t<\/div>\n\t\t<\/section>\n\t\t\t\t<\/div>","protected":false},"excerpt":{"rendered":"<p>[ what we offer ] We create and produce our product design lines. We create and produce product design lines that deliver attractive workplaces in a timeless modern design that considers needs and preferences and the functionality and usability of the products. Through market research, innovation and preferences in workplace design as well as the [&hellip;]<\/p>","protected":false},"author":1,"featured_media":0,"parent":0,"menu_order":0,"comment_status":"closed","ping_status":"closed","template":"","meta":{"_acf_changed":false,"footnotes":""},"class_list":["post-2546","page","type-page","status-publish","hentry"],"acf":[],"yoast_head":"<!-- This site is optimized with the Yoast SEO plugin v24.3 - https:\/\/yoast.com\/wordpress\/plugins\/seo\/ -->\n<title>Furniture &amp; Decor - Labmodul<\/title>\n<meta name=\"robots\" content=\"index, follow, max-snippet:-1, max-image-preview:large, max-video-preview:-1\" \/>\n<link rel=\"canonical\" href=\"https:\/\/labmodul.com\/da\/furniture-decor\/\" \/>\n<meta property=\"og:locale\" content=\"da_DK\" \/>\n<meta property=\"og:type\" content=\"article\" \/>\n<meta property=\"og:title\" content=\"Furniture &amp; Decor - Labmodul\" \/>\n<meta property=\"og:description\" content=\"[ what we offer ] We create and produce our product design lines. We create and produce product design lines that deliver attractive workplaces in a timeless modern design that considers needs and preferences and the functionality and usability of the products. Through market research, innovation and preferences in workplace design as well as the [&hellip;]\" \/>\n<meta property=\"og:url\" content=\"https:\/\/labmodul.com\/da\/furniture-decor\/\" \/>\n<meta property=\"og:site_name\" content=\"Labmodul\" \/>\n<meta property=\"article:modified_time\" content=\"2024-07-30T10:56:13+00:00\" \/>\n<meta property=\"og:image\" content=\"https:\/\/labmodul.com\/wp-content\/uploads\/2024\/07\/2-Showroom-desk.jpg\" \/>\n\t<meta property=\"og:image:width\" content=\"778\" \/>\n\t<meta property=\"og:image:height\" content=\"519\" \/>\n\t<meta property=\"og:image:type\" content=\"image\/jpeg\" \/>\n<meta name=\"twitter:card\" content=\"summary_large_image\" \/>\n<meta name=\"twitter:label1\" content=\"Estimeret l\u00e6setid\" \/>\n\t<meta name=\"twitter:data1\" content=\"1 minut\" \/>\n<script type=\"application\/ld+json\" class=\"yoast-schema-graph\">{\"@context\":\"https:\/\/schema.org\",\"@graph\":[{\"@type\":\"WebPage\",\"@id\":\"https:\/\/labmodul.com\/furniture-decor\/\",\"url\":\"https:\/\/labmodul.com\/furniture-decor\/\",\"name\":\"Furniture & Decor - Labmodul\",\"isPartOf\":{\"@id\":\"https:\/\/labmodul.com\/#website\"},\"primaryImageOfPage\":{\"@id\":\"https:\/\/labmodul.com\/furniture-decor\/#primaryimage\"},\"image\":{\"@id\":\"https:\/\/labmodul.com\/furniture-decor\/#primaryimage\"},\"thumbnailUrl\":\"https:\/\/labmodul.com\/wp-content\/uploads\/2024\/07\/2-Showroom-desk.jpg\",\"datePublished\":\"2020-05-15T11:06:23+00:00\",\"dateModified\":\"2024-07-30T10:56:13+00:00\",\"breadcrumb\":{\"@id\":\"https:\/\/labmodul.com\/furniture-decor\/#breadcrumb\"},\"inLanguage\":\"da-DK\",\"potentialAction\":[{\"@type\":\"ReadAction\",\"target\":[\"https:\/\/labmodul.com\/furniture-decor\/\"]}]},{\"@type\":\"ImageObject\",\"inLanguage\":\"da-DK\",\"@id\":\"https:\/\/labmodul.com\/furniture-decor\/#primaryimage\",\"url\":\"https:\/\/labmodul.com\/wp-content\/uploads\/2024\/07\/2-Showroom-desk.jpg\",\"contentUrl\":\"https:\/\/labmodul.com\/wp-content\/uploads\/2024\/07\/2-Showroom-desk.jpg\"},{\"@type\":\"BreadcrumbList\",\"@id\":\"https:\/\/labmodul.com\/furniture-decor\/#breadcrumb\",\"itemListElement\":[{\"@type\":\"ListItem\",\"position\":1,\"name\":\"Home\",\"item\":\"https:\/\/labmodul.com\/\"},{\"@type\":\"ListItem\",\"position\":2,\"name\":\"Furniture &#038; Decor\"}]},{\"@type\":\"WebSite\",\"@id\":\"https:\/\/labmodul.com\/#website\",\"url\":\"https:\/\/labmodul.com\/\",\"name\":\"Labmodul\",\"description\":\"Designing Safety\",\"potentialAction\":[{\"@type\":\"SearchAction\",\"target\":{\"@type\":\"EntryPoint\",\"urlTemplate\":\"https:\/\/labmodul.com\/?s={search_term_string}\"},\"query-input\":{\"@type\":\"PropertyValueSpecification\",\"valueRequired\":true,\"valueName\":\"search_term_string\"}}],\"inLanguage\":\"da-DK\"}]}<\/script>\n<!-- \/ Yoast SEO plugin. -->","yoast_head_json":{"title":"Furniture & Decor - Labmodul","robots":{"index":"index","follow":"follow","max-snippet":"max-snippet:-1","max-image-preview":"max-image-preview:large","max-video-preview":"max-video-preview:-1"},"canonical":"https:\/\/labmodul.com\/da\/furniture-decor\/","og_locale":"da_DK","og_type":"article","og_title":"Furniture & Decor - Labmodul","og_description":"[ what we offer ] We create and produce our product design lines. We create and produce product design lines that deliver attractive workplaces in a timeless modern design that considers needs and preferences and the functionality and usability of the products. Through market research, innovation and preferences in workplace design as well as the [&hellip;]","og_url":"https:\/\/labmodul.com\/da\/furniture-decor\/","og_site_name":"Labmodul","article_modified_time":"2024-07-30T10:56:13+00:00","og_image":[{"width":778,"height":519,"url":"https:\/\/labmodul.com\/wp-content\/uploads\/2024\/07\/2-Showroom-desk.jpg","type":"image\/jpeg"}],"twitter_card":"summary_large_image","twitter_misc":{"Estimeret l\u00e6setid":"1 minut"},"schema":{"@context":"https:\/\/schema.org","@graph":[{"@type":"WebPage","@id":"https:\/\/labmodul.com\/furniture-decor\/","url":"https:\/\/labmodul.com\/furniture-decor\/","name":"Furniture & Decor - Labmodul","isPartOf":{"@id":"https:\/\/labmodul.com\/#website"},"primaryImageOfPage":{"@id":"https:\/\/labmodul.com\/furniture-decor\/#primaryimage"},"image":{"@id":"https:\/\/labmodul.com\/furniture-decor\/#primaryimage"},"thumbnailUrl":"https:\/\/labmodul.com\/wp-content\/uploads\/2024\/07\/2-Showroom-desk.jpg","datePublished":"2020-05-15T11:06:23+00:00","dateModified":"2024-07-30T10:56:13+00:00","breadcrumb":{"@id":"https:\/\/labmodul.com\/furniture-decor\/#breadcrumb"},"inLanguage":"da-DK","potentialAction":[{"@type":"ReadAction","target":["https:\/\/labmodul.com\/furniture-decor\/"]}]},{"@type":"ImageObject","inLanguage":"da-DK","@id":"https:\/\/labmodul.com\/furniture-decor\/#primaryimage","url":"https:\/\/labmodul.com\/wp-content\/uploads\/2024\/07\/2-Showroom-desk.jpg","contentUrl":"https:\/\/labmodul.com\/wp-content\/uploads\/2024\/07\/2-Showroom-desk.jpg"},{"@type":"BreadcrumbList","@id":"https:\/\/labmodul.com\/furniture-decor\/#breadcrumb","itemListElement":[{"@type":"ListItem","position":1,"name":"Home","item":"https:\/\/labmodul.com\/"},{"@type":"ListItem","position":2,"name":"Furniture &#038; Decor"}]},{"@type":"WebSite","@id":"https:\/\/labmodul.com\/#website","url":"https:\/\/labmodul.com\/","name":"Labmodul","description":"Designing Safety","potentialAction":[{"@type":"SearchAction","target":{"@type":"EntryPoint","urlTemplate":"https:\/\/labmodul.com\/?s={search_term_string}"},"query-input":{"@type":"PropertyValueSpecification","valueRequired":true,"valueName":"search_term_string"}}],"inLanguage":"da-DK"}]}},"_links":{"self":[{"href":"https:\/\/labmodul.com\/da\/wp-json\/wp\/v2\/pages\/2546","targetHints":{"allow":["GET"]}}],"collection":[{"href":"https:\/\/labmodul.com\/da\/wp-json\/wp\/v2\/pages"}],"about":[{"href":"https:\/\/labmodul.com\/da\/wp-json\/wp\/v2\/types\/page"}],"author":[{"embeddable":true,"href":"https:\/\/labmodul.com\/da\/wp-json\/wp\/v2\/users\/1"}],"replies":[{"embeddable":true,"href":"https:\/\/labmodul.com\/da\/wp-json\/wp\/v2\/comments?post=2546"}],"version-history":[{"count":10,"href":"https:\/\/labmodul.com\/da\/wp-json\/wp\/v2\/pages\/2546\/revisions"}],"predecessor-version":[{"id":6452,"href":"https:\/\/labmodul.com\/da\/wp-json\/wp\/v2\/pages\/2546\/revisions\/6452"}],"wp:attachment":[{"href":"https:\/\/labmodul.com\/da\/wp-json\/wp\/v2\/media?parent=2546"}],"curies":[{"name":"wp","href":"https:\/\/api.w.org\/{rel}","templated":true}]}}