{"id":2542,"date":"2020-05-15T11:03:53","date_gmt":"2020-05-15T11:03:53","guid":{"rendered":"http:\/\/localhost\/theratio\/?page_id=2542"},"modified":"2024-07-30T10:43:20","modified_gmt":"2024-07-30T10:43:20","slug":"custom-solutions","status":"publish","type":"page","link":"https:\/\/labmodul.com\/da\/custom-solutions\/","title":{"rendered":"Kundetilpassede l\u00f8sninger"},"content":{"rendered":"<div data-elementor-type=\"wp-page\" data-elementor-id=\"2542\" class=\"elementor elementor-2542\">\n\t\t\t\t\t\t<section class=\"elementor-section elementor-top-section elementor-element elementor-element-8e29eb5 elementor-section-boxed elementor-section-height-default elementor-section-height-default\" data-id=\"8e29eb5\" data-element_type=\"section\">\n\t\t\t\t\t\t<div class=\"elementor-container elementor-column-gap-extended\">\n\t\t\t\t\t<div class=\"elementor-column elementor-col-50 elementor-top-column elementor-element elementor-element-28559c4 ot-flex-column-vertical\" data-id=\"28559c4\" data-element_type=\"column\">\n\t\t\t<div class=\"elementor-widget-wrap elementor-element-populated\">\n\t\t\t\t\t\t<div class=\"elementor-element elementor-element-bfb3243 widget-area elementor-widget elementor-widget-sidebar\" data-id=\"bfb3243\" data-element_type=\"widget\" data-widget_type=\"sidebar.default\">\n\t\t\t\t<div class=\"elementor-widget-container\">\n\t\t\t\t\t<section id=\"nav_menu-1\" class=\"widget widget_nav_menu\"><div class=\"menu-menu-service-container\"><ul id=\"menu-menu-service\" class=\"menu\"><li id=\"menu-item-4831\" class=\"menu-item menu-item-type-post_type menu-item-object-page menu-item-4831\"><a href=\"https:\/\/labmodul.com\/da\/design-planning\/\">01. Design &amp; Planl\u00e6gning<\/a><\/li>\n<li id=\"menu-item-4830\" class=\"menu-item menu-item-type-post_type menu-item-object-page menu-item-4830\"><a href=\"https:\/\/labmodul.com\/da\/custom-solutions\/\">02. Kundetilpassede l\u00f8sninger<\/a><\/li>\n<li id=\"menu-item-4833\" class=\"menu-item menu-item-type-post_type menu-item-object-page menu-item-4833\"><a href=\"https:\/\/labmodul.com\/da\/furniture-decor\/\">03. Inventar &amp; Decor<\/a><\/li>\n<\/ul><\/div><\/section>\t\t\t\t<\/div>\n\t\t\t\t<\/div>\n\t\t\t\t\t<\/div>\n\t\t<\/div>\n\t\t\t\t<div class=\"elementor-column elementor-col-50 elementor-top-column elementor-element elementor-element-8aad263 ot-flex-column-vertical\" data-id=\"8aad263\" data-element_type=\"column\">\n\t\t\t<div class=\"elementor-widget-wrap elementor-element-populated\">\n\t\t\t\t\t\t<div class=\"elementor-element elementor-element-f119100 elementor-widget elementor-widget-html\" data-id=\"f119100\" data-element_type=\"widget\" data-widget_type=\"html.default\">\n\t\t\t\t<div class=\"elementor-widget-container\">\n\t\t\t\t\t<style>\n.page-header {\n  background-image: url(https:\/\/labmodul.com\/wp-content\/uploads\/2024\/01\/HEADER-custom-solutions1.jpg) !important;\n}\n<\/style>\t\t\t\t<\/div>\n\t\t\t\t<\/div>\n\t\t\t\t<div class=\"elementor-element elementor-element-557500c elementor-widget elementor-widget-iheading\" data-id=\"557500c\" data-element_type=\"widget\" data-widget_type=\"iheading.default\">\n\t\t\t\t<div class=\"elementor-widget-container\">\n\t\t\t\t\t\t\t<div class=\"ot-heading\">\r\n\t        \t            <span>[hvad vi tilbyder]<\/span>\r\n\t        \t        <h2 class=\"main-heading\">Vi designer, opfinder og fremstiller de pr\u00e6cise l\u00f8sninger til dine behov.<\/h2>\r\n\t        \t    <\/div>\r\n\t    \t\t\t\t<\/div>\n\t\t\t\t<\/div>\n\t\t\t\t<div class=\"elementor-element elementor-element-ce13a42 elementor-widget elementor-widget-text-editor\" data-id=\"ce13a42\" data-element_type=\"widget\" data-widget_type=\"text-editor.default\">\n\t\t\t\t<div class=\"elementor-widget-container\">\n\t\t\t\t\t\t\t\t\t<p>Vi er meget opm\u00e6rksomme p\u00e5, at vores kunder kan have brug for helt specielle l\u00f8sninger til arbejdspladsen og udvikler og designer og producerer funktionelle produkter, som ikke kan findes p\u00e5 markedet.<\/p>\t\t\t\t\t\t\t\t<\/div>\n\t\t\t\t<\/div>\n\t\t\t\t<div class=\"elementor-element elementor-element-bcdab04 elementor-widget elementor-widget-theratio-image-carousel\" data-id=\"bcdab04\" data-element_type=\"widget\" data-widget_type=\"theratio-image-carousel.default\">\n\t\t\t\t<div class=\"elementor-widget-container\">\n\t\t\t\t\t\r\n\t\t<div class=\"image-carousel swiper-container\" data-slider_options=\"{&quot;slides_show_desktop&quot;:2,&quot;slides_show_tablet&quot;:2,&quot;slides_show_mobile&quot;:2,&quot;slides_scroll_desktop&quot;:1,&quot;slides_scroll_tablet&quot;:1,&quot;slides_scroll_mobile&quot;:1,&quot;margin_desktop&quot;:30,&quot;margin_tablet&quot;:30,&quot;margin_mobile&quot;:30,&quot;arrows&quot;:true,&quot;dots&quot;:false}\"  >\t\t\t\r\n\t\t\t<div class=\"swiper-wrapper\">\r\n\t\t        <div class=\"swiper-slide\"><div class=\"img-item\"><figure><img decoding=\"async\" src=\"https:\/\/labmodul.com\/wp-content\/uploads\/2024\/01\/BOOK-SERVICE-min-720x720.jpg\" alt=\"\"><\/figure><\/div><\/div><div class=\"swiper-slide\"><div class=\"img-item\"><figure><img decoding=\"async\" src=\"https:\/\/labmodul.com\/wp-content\/uploads\/2024\/01\/Chemical-storage-min-720x720.jpg\" alt=\"\"><\/figure><\/div><\/div><div class=\"swiper-slide\"><div class=\"img-item\"><figure><img decoding=\"async\" src=\"https:\/\/labmodul.com\/wp-content\/uploads\/2024\/01\/Cleanroom2-min-720x720.jpg\" alt=\"\"><\/figure><\/div><\/div><div class=\"swiper-slide\"><div class=\"img-item\"><figure><img decoding=\"async\" src=\"https:\/\/labmodul.com\/wp-content\/uploads\/2024\/01\/Cleanroom-min-720x720.jpg\" alt=\"\"><\/figure><\/div><\/div><div class=\"swiper-slide\"><div class=\"img-item\"><figure><img decoding=\"async\" src=\"https:\/\/labmodul.com\/wp-content\/uploads\/2024\/01\/CORO2-min-720x720.jpg\" alt=\"\"><\/figure><\/div><\/div><div class=\"swiper-slide\"><div class=\"img-item\"><figure><img decoding=\"async\" src=\"https:\/\/labmodul.com\/wp-content\/uploads\/2024\/01\/CORO-min-720x720.jpg\" alt=\"\"><\/figure><\/div><\/div><div class=\"swiper-slide\"><div class=\"img-item\"><figure><img decoding=\"async\" src=\"https:\/\/labmodul.com\/wp-content\/uploads\/2024\/01\/Detail-2-min-720x720.jpg\" alt=\"\"><\/figure><\/div><\/div><div class=\"swiper-slide\"><div class=\"img-item\"><figure><img decoding=\"async\" src=\"https:\/\/labmodul.com\/wp-content\/uploads\/2024\/01\/Detail1-min-720x720.jpg\" alt=\"\"><\/figure><\/div><\/div><div class=\"swiper-slide\"><div class=\"img-item\"><figure><img decoding=\"async\" src=\"https:\/\/labmodul.com\/wp-content\/uploads\/2024\/01\/EDU-gym-min-720x720.jpeg\" alt=\"\"><\/figure><\/div><\/div><div class=\"swiper-slide\"><div class=\"img-item\"><figure><img decoding=\"async\" src=\"https:\/\/labmodul.com\/wp-content\/uploads\/2024\/01\/FC-PRO-min-720x720.jpg\" alt=\"\"><\/figure><\/div><\/div><div class=\"swiper-slide\"><div class=\"img-item\"><figure><img decoding=\"async\" src=\"https:\/\/labmodul.com\/wp-content\/uploads\/2024\/01\/FC2-min-720x720.jpg\" alt=\"\"><\/figure><\/div><\/div><div class=\"swiper-slide\"><div class=\"img-item\"><figure><img decoding=\"async\" src=\"https:\/\/labmodul.com\/wp-content\/uploads\/2024\/01\/LAB-min-720x720.jpg\" alt=\"\"><\/figure><\/div><\/div><div class=\"swiper-slide\"><div class=\"img-item\"><figure><img decoding=\"async\" src=\"https:\/\/labmodul.com\/wp-content\/uploads\/2024\/01\/FC-min-1-720x720.jpg\" alt=\"\"><\/figure><\/div><\/div><div class=\"swiper-slide\"><div class=\"img-item\"><figure><img decoding=\"async\" src=\"https:\/\/labmodul.com\/wp-content\/uploads\/2024\/01\/HPLC-min-1-720x720.jpg\" alt=\"\"><\/figure><\/div><\/div><div class=\"swiper-slide\"><div class=\"img-item\"><figure><img decoding=\"async\" src=\"https:\/\/labmodul.com\/wp-content\/uploads\/2024\/01\/KITE-min-1-720x720.jpg\" alt=\"\"><\/figure><\/div><\/div><div class=\"swiper-slide\"><div class=\"img-item\"><figure><img decoding=\"async\" src=\"https:\/\/labmodul.com\/wp-content\/uploads\/2024\/01\/LAB2-min-1-720x720.jpg\" alt=\"\"><\/figure><\/div><\/div><div class=\"swiper-slide\"><div class=\"img-item\"><figure><img decoding=\"async\" src=\"https:\/\/labmodul.com\/wp-content\/uploads\/2024\/01\/LAB4-min-1-720x720.jpg\" alt=\"\"><\/figure><\/div><\/div><div class=\"swiper-slide\"><div class=\"img-item\"><figure><img decoding=\"async\" src=\"https:\/\/labmodul.com\/wp-content\/uploads\/2024\/01\/LAB5-min-1-720x720.jpg\" alt=\"\"><\/figure><\/div><\/div><div class=\"swiper-slide\"><div class=\"img-item\"><figure><img decoding=\"async\" src=\"https:\/\/labmodul.com\/wp-content\/uploads\/2024\/01\/LAB6-min-1-720x720.jpg\" alt=\"\"><\/figure><\/div><\/div><div class=\"swiper-slide\"><div class=\"img-item\"><figure><img decoding=\"async\" src=\"https:\/\/labmodul.com\/wp-content\/uploads\/2024\/01\/LAB-min-1-720x720.jpg\" alt=\"\"><\/figure><\/div><\/div><div class=\"swiper-slide\"><div class=\"img-item\"><figure><img decoding=\"async\" src=\"https:\/\/labmodul.com\/wp-content\/uploads\/2024\/01\/Labmodul-min-1-720x720.jpg\" alt=\"\"><\/figure><\/div><\/div>\t\t    <\/div>\r\n\r\n\t\t\t\t\t\t\t\t\t<!-- Add Arrows -->\r\n\t\t\t<div class=\"octf-swiper-button-next\"><i class=\"ot-flaticon-right-arrow\"><\/i><\/div>\r\n\t\t\t<div class=\"octf-swiper-button-prev\"><i class=\"ot-flaticon-left-arrow\"><\/i><\/div>\r\n\t\t\t\t    <\/div>\r\n\t\t\t\t\t\t<\/div>\n\t\t\t\t<\/div>\n\t\t\t\t<div class=\"elementor-element elementor-element-0a4086f elementor-widget elementor-widget-text-editor\" data-id=\"0a4086f\" data-element_type=\"widget\" data-widget_type=\"text-editor.default\">\n\t\t\t\t<div class=\"elementor-widget-container\">\n\t\t\t\t\t\t\t\t\t<p>Labmodul har et erfarent team med mange \u00e5rs ekspertise inden for laboratorieindretning til Pharma, Life Science, uddannelse og sundhedssektoren med fokus p\u00e5 holistiske l\u00f8sninger, hvor laboratorieudstyr og tekniske installationer er integreret i et enkelt design. Laboratorieindretning er designet med fokus p\u00e5 sikre arbejdspladser, arbejdsgang, arbejdsmilj\u00f8 og effektiv l\u00f8sning af komplekse arbejdsopgaver.<\/p><p>Vi samarbejder med vores kunder fra id\u00e9 til design, udf\u00f8relse og idrifts\u00e6ttelse. Vi har altid fokus p\u00e5 logistikoptimering og effektiv facilitetsudnyttelse.<\/p>\t\t\t\t\t\t\t\t<\/div>\n\t\t\t\t<\/div>\n\t\t\t\t<div class=\"elementor-element elementor-element-6580f3a elementor-widget elementor-widget-image\" data-id=\"6580f3a\" data-element_type=\"widget\" data-widget_type=\"image.default\">\n\t\t\t\t<div class=\"elementor-widget-container\">\n\t\t\t\t\t\t\t\t\t\t\t\t\t\t\t<img fetchpriority=\"high\" decoding=\"async\" width=\"1000\" height=\"667\" src=\"https:\/\/labmodul.com\/wp-content\/uploads\/2024\/07\/1-pexels-edward-jenner-4033023.jpg\" class=\"attachment-full size-full wp-image-6439\" alt=\"\" srcset=\"https:\/\/labmodul.com\/wp-content\/uploads\/2024\/07\/1-pexels-edward-jenner-4033023.jpg 1000w, https:\/\/labmodul.com\/wp-content\/uploads\/2024\/07\/1-pexels-edward-jenner-4033023-300x200.jpg 300w, https:\/\/labmodul.com\/wp-content\/uploads\/2024\/07\/1-pexels-edward-jenner-4033023-768x512.jpg 768w, https:\/\/labmodul.com\/wp-content\/uploads\/2024\/07\/1-pexels-edward-jenner-4033023-18x12.jpg 18w\" sizes=\"(max-width: 1000px) 100vw, 1000px\" \/>\t\t\t\t\t\t\t\t\t\t\t\t\t\t\t<\/div>\n\t\t\t\t<\/div>\n\t\t\t\t<div class=\"elementor-element elementor-element-54e1922 elementor-widget elementor-widget-text-editor\" data-id=\"54e1922\" data-element_type=\"widget\" data-widget_type=\"text-editor.default\">\n\t\t\t\t<div class=\"elementor-widget-container\">\n\t\t\t\t\t\t\t\t\t<p>At designe skr\u00e6ddersyede interi\u00f8rl\u00f8sninger til laboratorier indeb\u00e6rer forst\u00e5else af laboratoriets specifikke krav, herunder den type arbejde, der vil blive udf\u00f8rt, det udstyr, der vil blive brugt, og de sikkerheds- og regulatoriske standarder, der skal f\u00f8lges.<\/p><p>Vi implementerer n\u00f8glefaktorer, der skal tages i betragtning, n\u00e5r vi designer en skr\u00e6ddersyet interi\u00f8rl\u00f8sning:<\/p><p>Korrekt indretning og pladsplanl\u00e6gning er afg\u00f8rende for at sikre effektiv udnyttelse af pladsen, korrekt flow af mennesker og materialer og effektiv brug af udstyr. Layoutet skal designes med sikkerhed og ergonomi for \u00f8je.<\/p><p>Opbevaringsl\u00f8sninger, der b\u00e5de er sikre og let tilg\u00e6ngelige.<\/p><p>Komfortable og funktionelle siddepladser til slutbrugeren, der kan tilbringe lange perioder p\u00e5 arbejdsstationer og st\u00f8tte m\u00f8bler designet til at modst\u00e5 laboratoriearbejdets unikke krav.<\/p><p>Specialiseret belysning og elektriske systemer for at sikre korrekt belysning og str\u00f8mforsyning til udstyr.<\/p><p>Korrekt ventilation for at opretholde et sikkert og sundt laboratoriemilj\u00f8 og HVAC-systemer designet til at opfylde laboratoriets specifikke behov.<\/p><p>Designede l\u00f8sninger, der overholder alle relevante sikkerheds- og regulatoriske standarder, herunder lokale, statslige og f\u00f8derale regler.<\/p><p>Ved at tage disse faktorer i betragtning kan der skabes en skr\u00e6ddersyet interi\u00f8rl\u00f8sning til et laboratorium, der opfylder rummets og dets brugeres unikke behov. Det er vigtigt at arbejde med en kvalificeret designer eller entrepren\u00f8r, som forst\u00e5r de krav og regler, der er forbundet med laboratoriedesign.<\/p>\t\t\t\t\t\t\t\t<\/div>\n\t\t\t\t<\/div>\n\t\t\t\t\t<\/div>\n\t\t<\/div>\n\t\t\t\t\t<\/div>\n\t\t<\/section>\n\t\t\t\t<\/div>","protected":false},"excerpt":{"rendered":"<p>[ what we offer ] We design, invent and manufacture the precise solutions for your needs. We are very aware that our customers may need very special solutions for the workplace and develop and design and produce functional products that cannot be found on the market. Labmodul has an experienced team with many years of [&hellip;]<\/p>","protected":false},"author":1,"featured_media":0,"parent":0,"menu_order":0,"comment_status":"closed","ping_status":"closed","template":"","meta":{"_acf_changed":false,"footnotes":""},"class_list":["post-2542","page","type-page","status-publish","hentry"],"acf":[],"yoast_head":"<!-- This site is optimized with the Yoast SEO plugin v24.3 - https:\/\/yoast.com\/wordpress\/plugins\/seo\/ -->\n<title>Custom Solutions - Labmodul<\/title>\n<meta name=\"robots\" content=\"index, follow, max-snippet:-1, max-image-preview:large, max-video-preview:-1\" \/>\n<link rel=\"canonical\" href=\"https:\/\/labmodul.com\/da\/custom-solutions\/\" \/>\n<meta property=\"og:locale\" content=\"da_DK\" \/>\n<meta property=\"og:type\" content=\"article\" \/>\n<meta property=\"og:title\" content=\"Custom Solutions - Labmodul\" \/>\n<meta property=\"og:description\" content=\"[ what we offer ] We design, invent and manufacture the precise solutions for your needs. We are very aware that our customers may need very special solutions for the workplace and develop and design and produce functional products that cannot be found on the market. Labmodul has an experienced team with many years of [&hellip;]\" \/>\n<meta property=\"og:url\" content=\"https:\/\/labmodul.com\/da\/custom-solutions\/\" \/>\n<meta property=\"og:site_name\" content=\"Labmodul\" \/>\n<meta property=\"article:modified_time\" content=\"2024-07-30T10:43:20+00:00\" \/>\n<meta property=\"og:image\" content=\"https:\/\/labmodul.com\/wp-content\/uploads\/2024\/01\/BOOK-SERVICE-min-720x720.jpg\" \/>\n<meta name=\"twitter:card\" content=\"summary_large_image\" \/>\n<meta name=\"twitter:label1\" content=\"Estimeret l\u00e6setid\" \/>\n\t<meta name=\"twitter:data1\" content=\"2 minutter\" \/>\n<script type=\"application\/ld+json\" class=\"yoast-schema-graph\">{\"@context\":\"https:\/\/schema.org\",\"@graph\":[{\"@type\":\"WebPage\",\"@id\":\"https:\/\/labmodul.com\/custom-solutions\/\",\"url\":\"https:\/\/labmodul.com\/custom-solutions\/\",\"name\":\"Custom Solutions - Labmodul\",\"isPartOf\":{\"@id\":\"https:\/\/labmodul.com\/#website\"},\"primaryImageOfPage\":{\"@id\":\"https:\/\/labmodul.com\/custom-solutions\/#primaryimage\"},\"image\":{\"@id\":\"https:\/\/labmodul.com\/custom-solutions\/#primaryimage\"},\"thumbnailUrl\":\"https:\/\/labmodul.com\/wp-content\/uploads\/2024\/01\/BOOK-SERVICE-min-720x720.jpg\",\"datePublished\":\"2020-05-15T11:03:53+00:00\",\"dateModified\":\"2024-07-30T10:43:20+00:00\",\"breadcrumb\":{\"@id\":\"https:\/\/labmodul.com\/custom-solutions\/#breadcrumb\"},\"inLanguage\":\"da-DK\",\"potentialAction\":[{\"@type\":\"ReadAction\",\"target\":[\"https:\/\/labmodul.com\/custom-solutions\/\"]}]},{\"@type\":\"ImageObject\",\"inLanguage\":\"da-DK\",\"@id\":\"https:\/\/labmodul.com\/custom-solutions\/#primaryimage\",\"url\":\"https:\/\/labmodul.com\/wp-content\/uploads\/2024\/01\/BOOK-SERVICE-min-720x720.jpg\",\"contentUrl\":\"https:\/\/labmodul.com\/wp-content\/uploads\/2024\/01\/BOOK-SERVICE-min-720x720.jpg\"},{\"@type\":\"BreadcrumbList\",\"@id\":\"https:\/\/labmodul.com\/custom-solutions\/#breadcrumb\",\"itemListElement\":[{\"@type\":\"ListItem\",\"position\":1,\"name\":\"Home\",\"item\":\"https:\/\/labmodul.com\/\"},{\"@type\":\"ListItem\",\"position\":2,\"name\":\"Custom Solutions\"}]},{\"@type\":\"WebSite\",\"@id\":\"https:\/\/labmodul.com\/#website\",\"url\":\"https:\/\/labmodul.com\/\",\"name\":\"Labmodul\",\"description\":\"Designing Safety\",\"potentialAction\":[{\"@type\":\"SearchAction\",\"target\":{\"@type\":\"EntryPoint\",\"urlTemplate\":\"https:\/\/labmodul.com\/?s={search_term_string}\"},\"query-input\":{\"@type\":\"PropertyValueSpecification\",\"valueRequired\":true,\"valueName\":\"search_term_string\"}}],\"inLanguage\":\"da-DK\"}]}<\/script>\n<!-- \/ Yoast SEO plugin. -->","yoast_head_json":{"title":"Custom Solutions - Labmodul","robots":{"index":"index","follow":"follow","max-snippet":"max-snippet:-1","max-image-preview":"max-image-preview:large","max-video-preview":"max-video-preview:-1"},"canonical":"https:\/\/labmodul.com\/da\/custom-solutions\/","og_locale":"da_DK","og_type":"article","og_title":"Custom Solutions - Labmodul","og_description":"[ what we offer ] We design, invent and manufacture the precise solutions for your needs. We are very aware that our customers may need very special solutions for the workplace and develop and design and produce functional products that cannot be found on the market. Labmodul has an experienced team with many years of [&hellip;]","og_url":"https:\/\/labmodul.com\/da\/custom-solutions\/","og_site_name":"Labmodul","article_modified_time":"2024-07-30T10:43:20+00:00","og_image":[{"url":"https:\/\/labmodul.com\/wp-content\/uploads\/2024\/01\/BOOK-SERVICE-min-720x720.jpg","type":"","width":"","height":""}],"twitter_card":"summary_large_image","twitter_misc":{"Estimeret l\u00e6setid":"2 minutter"},"schema":{"@context":"https:\/\/schema.org","@graph":[{"@type":"WebPage","@id":"https:\/\/labmodul.com\/custom-solutions\/","url":"https:\/\/labmodul.com\/custom-solutions\/","name":"Custom Solutions - Labmodul","isPartOf":{"@id":"https:\/\/labmodul.com\/#website"},"primaryImageOfPage":{"@id":"https:\/\/labmodul.com\/custom-solutions\/#primaryimage"},"image":{"@id":"https:\/\/labmodul.com\/custom-solutions\/#primaryimage"},"thumbnailUrl":"https:\/\/labmodul.com\/wp-content\/uploads\/2024\/01\/BOOK-SERVICE-min-720x720.jpg","datePublished":"2020-05-15T11:03:53+00:00","dateModified":"2024-07-30T10:43:20+00:00","breadcrumb":{"@id":"https:\/\/labmodul.com\/custom-solutions\/#breadcrumb"},"inLanguage":"da-DK","potentialAction":[{"@type":"ReadAction","target":["https:\/\/labmodul.com\/custom-solutions\/"]}]},{"@type":"ImageObject","inLanguage":"da-DK","@id":"https:\/\/labmodul.com\/custom-solutions\/#primaryimage","url":"https:\/\/labmodul.com\/wp-content\/uploads\/2024\/01\/BOOK-SERVICE-min-720x720.jpg","contentUrl":"https:\/\/labmodul.com\/wp-content\/uploads\/2024\/01\/BOOK-SERVICE-min-720x720.jpg"},{"@type":"BreadcrumbList","@id":"https:\/\/labmodul.com\/custom-solutions\/#breadcrumb","itemListElement":[{"@type":"ListItem","position":1,"name":"Home","item":"https:\/\/labmodul.com\/"},{"@type":"ListItem","position":2,"name":"Custom Solutions"}]},{"@type":"WebSite","@id":"https:\/\/labmodul.com\/#website","url":"https:\/\/labmodul.com\/","name":"Labmodul","description":"Designing Safety","potentialAction":[{"@type":"SearchAction","target":{"@type":"EntryPoint","urlTemplate":"https:\/\/labmodul.com\/?s={search_term_string}"},"query-input":{"@type":"PropertyValueSpecification","valueRequired":true,"valueName":"search_term_string"}}],"inLanguage":"da-DK"}]}},"_links":{"self":[{"href":"https:\/\/labmodul.com\/da\/wp-json\/wp\/v2\/pages\/2542","targetHints":{"allow":["GET"]}}],"collection":[{"href":"https:\/\/labmodul.com\/da\/wp-json\/wp\/v2\/pages"}],"about":[{"href":"https:\/\/labmodul.com\/da\/wp-json\/wp\/v2\/types\/page"}],"author":[{"embeddable":true,"href":"https:\/\/labmodul.com\/da\/wp-json\/wp\/v2\/users\/1"}],"replies":[{"embeddable":true,"href":"https:\/\/labmodul.com\/da\/wp-json\/wp\/v2\/comments?post=2542"}],"version-history":[{"count":27,"href":"https:\/\/labmodul.com\/da\/wp-json\/wp\/v2\/pages\/2542\/revisions"}],"predecessor-version":[{"id":6442,"href":"https:\/\/labmodul.com\/da\/wp-json\/wp\/v2\/pages\/2542\/revisions\/6442"}],"wp:attachment":[{"href":"https:\/\/labmodul.com\/da\/wp-json\/wp\/v2\/media?parent=2542"}],"curies":[{"name":"wp","href":"https:\/\/api.w.org\/{rel}","templated":true}]}}