{"id":2485,"date":"2020-05-15T04:45:19","date_gmt":"2020-05-15T04:45:19","guid":{"rendered":"http:\/\/localhost\/theratio\/?page_id=2485"},"modified":"2024-01-19T06:34:32","modified_gmt":"2024-01-19T06:34:32","slug":"design-planning","status":"publish","type":"page","link":"https:\/\/labmodul.com\/da\/design-planning\/","title":{"rendered":"Design &amp; Planl\u00e6gning"},"content":{"rendered":"<div data-elementor-type=\"wp-page\" data-elementor-id=\"2485\" class=\"elementor elementor-2485\">\n\t\t\t\t\t\t<section class=\"elementor-section elementor-top-section elementor-element elementor-element-8807e2c elementor-section-boxed elementor-section-height-default elementor-section-height-default\" data-id=\"8807e2c\" data-element_type=\"section\">\n\t\t\t\t\t\t<div class=\"elementor-container elementor-column-gap-extended\">\n\t\t\t\t\t<div class=\"elementor-column elementor-col-50 elementor-top-column elementor-element elementor-element-1633759 ot-flex-column-vertical\" data-id=\"1633759\" data-element_type=\"column\">\n\t\t\t<div class=\"elementor-widget-wrap elementor-element-populated\">\n\t\t\t\t\t\t<div class=\"elementor-element elementor-element-f159f56 widget-area elementor-widget elementor-widget-sidebar\" data-id=\"f159f56\" data-element_type=\"widget\" data-widget_type=\"sidebar.default\">\n\t\t\t\t<div class=\"elementor-widget-container\">\n\t\t\t\t\t<section id=\"nav_menu-1\" class=\"widget widget_nav_menu\"><div class=\"menu-menu-service-container\"><ul id=\"menu-menu-service\" class=\"menu\"><li id=\"menu-item-4831\" class=\"menu-item menu-item-type-post_type menu-item-object-page menu-item-4831\"><a href=\"https:\/\/labmodul.com\/da\/design-planning\/\">01. Design &amp; Planl\u00e6gning<\/a><\/li>\n<li id=\"menu-item-4830\" class=\"menu-item menu-item-type-post_type menu-item-object-page menu-item-4830\"><a href=\"https:\/\/labmodul.com\/da\/custom-solutions\/\">02. Kundetilpassede l\u00f8sninger<\/a><\/li>\n<li id=\"menu-item-4833\" class=\"menu-item menu-item-type-post_type menu-item-object-page menu-item-4833\"><a href=\"https:\/\/labmodul.com\/da\/furniture-decor\/\">03. Inventar &amp; Decor<\/a><\/li>\n<\/ul><\/div><\/section>\t\t\t\t<\/div>\n\t\t\t\t<\/div>\n\t\t\t\t\t<\/div>\n\t\t<\/div>\n\t\t\t\t<div class=\"elementor-column elementor-col-50 elementor-top-column elementor-element elementor-element-5716d59 ot-flex-column-vertical\" data-id=\"5716d59\" data-element_type=\"column\">\n\t\t\t<div class=\"elementor-widget-wrap elementor-element-populated\">\n\t\t\t\t\t\t<div class=\"elementor-element elementor-element-db6125d elementor-widget elementor-widget-html\" data-id=\"db6125d\" data-element_type=\"widget\" data-widget_type=\"html.default\">\n\t\t\t\t<div class=\"elementor-widget-container\">\n\t\t\t\t\t<style>\n.page-header {\n  background-image: url(https:\/\/labmodul.com\/wp-content\/uploads\/2024\/01\/Design-and-planning-pic.jpg) !important;\n}\n<\/style>\t\t\t\t<\/div>\n\t\t\t\t<\/div>\n\t\t\t\t<div class=\"elementor-element elementor-element-3719cf2 elementor-widget elementor-widget-iheading\" data-id=\"3719cf2\" data-element_type=\"widget\" data-widget_type=\"iheading.default\">\n\t\t\t\t<div class=\"elementor-widget-container\">\n\t\t\t\t\t\t\t<div class=\"ot-heading\">\r\n\t        \t            <span>[hvad vi tilbyder]<\/span>\r\n\t        \t        <h2 class=\"main-heading\">Vores m\u00e5l er at skabe optimale og moderne boligindretninger.<\/h2>\r\n\t        \t    <\/div>\r\n\t    \t\t\t\t<\/div>\n\t\t\t\t<\/div>\n\t\t\t\t<div class=\"elementor-element elementor-element-e145324 elementor-widget elementor-widget-text-editor\" data-id=\"e145324\" data-element_type=\"widget\" data-widget_type=\"text-editor.default\">\n\t\t\t\t<div class=\"elementor-widget-container\">\n\t\t\t\t\t\t\t\t\t<p>Designet begynder med et klart koncept, der afspejles i tegningerne, projektplanerne, i 3D-visualiseringer. Vi sikrer, at arbejdspladser lever op til alle internationale standarder og implementerer en effektiv arbejdsgang i en ergonomisk og fleksibel fremtidssikret ramme.<\/p>\t\t\t\t\t\t\t\t<\/div>\n\t\t\t\t<\/div>\n\t\t\t\t<div class=\"elementor-element elementor-element-182f751 elementor-widget elementor-widget-theratio-image-carousel\" data-id=\"182f751\" data-element_type=\"widget\" data-widget_type=\"theratio-image-carousel.default\">\n\t\t\t\t<div class=\"elementor-widget-container\">\n\t\t\t\t\t\r\n\t\t<div class=\"image-carousel swiper-container\" data-slider_options=\"{&quot;slides_show_desktop&quot;:2,&quot;slides_show_tablet&quot;:2,&quot;slides_show_mobile&quot;:2,&quot;slides_scroll_desktop&quot;:1,&quot;slides_scroll_tablet&quot;:1,&quot;slides_scroll_mobile&quot;:1,&quot;margin_desktop&quot;:30,&quot;margin_tablet&quot;:30,&quot;margin_mobile&quot;:30,&quot;arrows&quot;:true,&quot;dots&quot;:false}\"  >\t\t\t\r\n\t\t\t<div class=\"swiper-wrapper\">\r\n\t\t        <div class=\"swiper-slide\"><div class=\"img-item\"><figure><img decoding=\"async\" src=\"https:\/\/labmodul.com\/wp-content\/uploads\/2024\/01\/Modern-1-min-805x683.jpg\" alt=\"\"><\/figure><\/div><\/div><div class=\"swiper-slide\"><div class=\"img-item\"><figure><img decoding=\"async\" src=\"https:\/\/labmodul.com\/wp-content\/uploads\/2023\/06\/Box_12-1-805x683.png\" alt=\"\"><\/figure><\/div><\/div>\t\t    <\/div>\r\n\r\n\t\t\t\t\t\t\t\t\t<!-- Add Arrows -->\r\n\t\t\t<div class=\"octf-swiper-button-next\"><i class=\"ot-flaticon-right-arrow\"><\/i><\/div>\r\n\t\t\t<div class=\"octf-swiper-button-prev\"><i class=\"ot-flaticon-left-arrow\"><\/i><\/div>\r\n\t\t\t\t    <\/div>\r\n\t\t\t\t\t\t<\/div>\n\t\t\t\t<\/div>\n\t\t\t\t<div class=\"elementor-element elementor-element-4fc6566 elementor-widget elementor-widget-text-editor\" data-id=\"4fc6566\" data-element_type=\"widget\" data-widget_type=\"text-editor.default\">\n\t\t\t\t<div class=\"elementor-widget-container\">\n\t\t\t\t\t\t\t\t\t<p>Labmodul har et erfarent team med mange \u00e5rs ekspertise inden for laboratorieindretning til Pharma, Life Science, uddannelse og sundhedssektoren med fokus p\u00e5 holistiske l\u00f8sninger, hvor laboratorieudstyr og tekniske installationer er integreret i et enkelt design. Laboratorieindretning er designet med fokus p\u00e5 sikre arbejdspladser, arbejdsgang, arbejdsmilj\u00f8 og effektiv l\u00f8sning af komplekse arbejdsopgaver.<\/p><p>Facilitetsdesign og -planl\u00e6gning er et kritisk aspekt af effektivitet og drift. Der er flere faktorer, der skal tages i betragtning, n\u00e5r man designer et nyt anl\u00e6g, herunder typen af \u200b\u200barbejde og funktioner, der skal udf\u00f8res, udstyr og instrumentering, der skal bruges, antallet og typerne af personale, der skal arbejde i laboratoriet, og sikkerheds- og lovkrav, der skal blive m\u00f8dt. opfyldt.<\/p>\t\t\t\t\t\t\t\t<\/div>\n\t\t\t\t<\/div>\n\t\t\t\t<div class=\"elementor-element elementor-element-325c8a2 elementor-widget elementor-widget-image\" data-id=\"325c8a2\" data-element_type=\"widget\" data-widget_type=\"image.default\">\n\t\t\t\t<div class=\"elementor-widget-container\">\n\t\t\t\t\t\t\t\t\t\t\t\t\t\t\t<img fetchpriority=\"high\" decoding=\"async\" width=\"2560\" height=\"1141\" src=\"https:\/\/labmodul.com\/wp-content\/uploads\/2023\/06\/Header-1-scaled.jpg\" class=\"attachment-full size-full wp-image-5130\" alt=\"\" srcset=\"https:\/\/labmodul.com\/wp-content\/uploads\/2023\/06\/Header-1-scaled.jpg 2560w, https:\/\/labmodul.com\/wp-content\/uploads\/2023\/06\/Header-1-300x134.jpg 300w, https:\/\/labmodul.com\/wp-content\/uploads\/2023\/06\/Header-1-1024x456.jpg 1024w, https:\/\/labmodul.com\/wp-content\/uploads\/2023\/06\/Header-1-768x342.jpg 768w, https:\/\/labmodul.com\/wp-content\/uploads\/2023\/06\/Header-1-1536x685.jpg 1536w, https:\/\/labmodul.com\/wp-content\/uploads\/2023\/06\/Header-1-2048x913.jpg 2048w, https:\/\/labmodul.com\/wp-content\/uploads\/2023\/06\/Header-1-18x8.jpg 18w\" sizes=\"(max-width: 2560px) 100vw, 2560px\" \/>\t\t\t\t\t\t\t\t\t\t\t\t\t\t\t<\/div>\n\t\t\t\t<\/div>\n\t\t\t\t<div class=\"elementor-element elementor-element-9df4a4f elementor-widget elementor-widget-text-editor\" data-id=\"9df4a4f\" data-element_type=\"widget\" data-widget_type=\"text-editor.default\">\n\t\t\t\t<div class=\"elementor-widget-container\">\n\t\t\t\t\t\t\t\t\t<p>Det f\u00f8rste skridt i at designe anl\u00e6gget er at definere dets form\u00e5l. Dette indeb\u00e6rer forst\u00e5else af klassificeringen og arbejdet, der skal udf\u00f8res i rummene, og de typer udstyr og instrumenter, der skal bruges.<\/p><p>N\u00e5r form\u00e5let er defineret, er n\u00e6ste trin at bestemme m\u00e6ngden af \u200b\u200bplads, der kr\u00e6ves. Dette vil afh\u00e6nge af st\u00f8rrelsen og antallet af udstyr, antallet af medarbejdere og eventuelle andre specifikke krav.<\/p><p>Overholdelse af sikkerheds- og lovkrav, herunder ventilation, brandsikkerhed og sikker h\u00e5ndtering af farlige materialer.<\/p><p>Laboratorier skal ofte tilpasse sig skiftende forskningsbehov eller teknologiske fremskridt, s\u00e5 det er vigtigt at planl\u00e6gge fleksibilitet og fremtidig ekspansion. Dette kan omfatte design af modul\u00e6re rum, fleksible indretningsl\u00f8sninger, der kan omkonfigureres efter behov eller blot efterlade plads til fremtidig v\u00e6kst.<\/p><p>Laboratorier skal ofte tilpasse sig skiftende forskningsbehov eller teknologiske fremskridt, s\u00e5 det er vigtigt at planl\u00e6gge fleksibilitet og fremtidig ekspansion. Dette kan omfatte design af modul\u00e6re rum, fleksible indretningsl\u00f8sninger, der kan omkonfigureres efter behov eller blot efterlade plads til fremtidig v\u00e6kst.<\/p><p>Samlet set kr\u00e6ver design og planl\u00e6gning af et laboratorium omhyggelig overvejelse af mange faktorer. Ved at indarbejde disse overvejelser og samarbejde med erfarne laboratoriedesignspecialister kan du skabe et arbejdsmilj\u00f8, der sikkert og effektivt opfylder alle de specifikke behov.<\/p>\t\t\t\t\t\t\t\t<\/div>\n\t\t\t\t<\/div>\n\t\t\t\t\t<\/div>\n\t\t<\/div>\n\t\t\t\t\t<\/div>\n\t\t<\/section>\n\t\t\t\t<\/div>","protected":false},"excerpt":{"rendered":"<p>[ what we offer ] Our goal is to create optimal and modern interior designs. The design begins with a clear concept that is reflected in the drawings, project plans, in 3D visualizations. We ensure that workplaces meet all international standards and implement an efficient workflow in an ergonomic and flexible future-proof framework. Labmodul has [&hellip;]<\/p>","protected":false},"author":1,"featured_media":0,"parent":0,"menu_order":0,"comment_status":"closed","ping_status":"closed","template":"","meta":{"_acf_changed":false,"footnotes":""},"class_list":["post-2485","page","type-page","status-publish","hentry"],"acf":[],"yoast_head":"<!-- This site is optimized with the Yoast SEO plugin v24.3 - https:\/\/yoast.com\/wordpress\/plugins\/seo\/ -->\n<title>Design &amp; Planning - Labmodul<\/title>\n<meta name=\"robots\" content=\"index, follow, max-snippet:-1, max-image-preview:large, max-video-preview:-1\" \/>\n<link rel=\"canonical\" href=\"https:\/\/labmodul.com\/da\/design-planning\/\" \/>\n<meta property=\"og:locale\" content=\"da_DK\" \/>\n<meta property=\"og:type\" content=\"article\" \/>\n<meta property=\"og:title\" content=\"Design &amp; Planning - Labmodul\" \/>\n<meta property=\"og:description\" content=\"[ what we offer ] Our goal is to create optimal and modern interior designs. The design begins with a clear concept that is reflected in the drawings, project plans, in 3D visualizations. We ensure that workplaces meet all international standards and implement an efficient workflow in an ergonomic and flexible future-proof framework. Labmodul has [&hellip;]\" \/>\n<meta property=\"og:url\" content=\"https:\/\/labmodul.com\/da\/design-planning\/\" \/>\n<meta property=\"og:site_name\" content=\"Labmodul\" \/>\n<meta property=\"article:modified_time\" content=\"2024-01-19T06:34:32+00:00\" \/>\n<meta property=\"og:image\" content=\"https:\/\/labmodul.com\/wp-content\/uploads\/2024\/01\/Modern-1-min-805x683.jpg\" \/>\n<meta name=\"twitter:card\" content=\"summary_large_image\" \/>\n<meta name=\"twitter:label1\" content=\"Estimeret l\u00e6setid\" \/>\n\t<meta name=\"twitter:data1\" content=\"2 minutter\" \/>\n<script type=\"application\/ld+json\" class=\"yoast-schema-graph\">{\"@context\":\"https:\/\/schema.org\",\"@graph\":[{\"@type\":\"WebPage\",\"@id\":\"https:\/\/labmodul.com\/design-planning\/\",\"url\":\"https:\/\/labmodul.com\/design-planning\/\",\"name\":\"Design & Planning - Labmodul\",\"isPartOf\":{\"@id\":\"https:\/\/labmodul.com\/#website\"},\"primaryImageOfPage\":{\"@id\":\"https:\/\/labmodul.com\/design-planning\/#primaryimage\"},\"image\":{\"@id\":\"https:\/\/labmodul.com\/design-planning\/#primaryimage\"},\"thumbnailUrl\":\"https:\/\/labmodul.com\/wp-content\/uploads\/2024\/01\/Modern-1-min-805x683.jpg\",\"datePublished\":\"2020-05-15T04:45:19+00:00\",\"dateModified\":\"2024-01-19T06:34:32+00:00\",\"breadcrumb\":{\"@id\":\"https:\/\/labmodul.com\/design-planning\/#breadcrumb\"},\"inLanguage\":\"da-DK\",\"potentialAction\":[{\"@type\":\"ReadAction\",\"target\":[\"https:\/\/labmodul.com\/design-planning\/\"]}]},{\"@type\":\"ImageObject\",\"inLanguage\":\"da-DK\",\"@id\":\"https:\/\/labmodul.com\/design-planning\/#primaryimage\",\"url\":\"https:\/\/labmodul.com\/wp-content\/uploads\/2024\/01\/Modern-1-min-805x683.jpg\",\"contentUrl\":\"https:\/\/labmodul.com\/wp-content\/uploads\/2024\/01\/Modern-1-min-805x683.jpg\"},{\"@type\":\"BreadcrumbList\",\"@id\":\"https:\/\/labmodul.com\/design-planning\/#breadcrumb\",\"itemListElement\":[{\"@type\":\"ListItem\",\"position\":1,\"name\":\"Home\",\"item\":\"https:\/\/labmodul.com\/\"},{\"@type\":\"ListItem\",\"position\":2,\"name\":\"Design &#038; Planning\"}]},{\"@type\":\"WebSite\",\"@id\":\"https:\/\/labmodul.com\/#website\",\"url\":\"https:\/\/labmodul.com\/\",\"name\":\"Labmodul\",\"description\":\"Designing Safety\",\"potentialAction\":[{\"@type\":\"SearchAction\",\"target\":{\"@type\":\"EntryPoint\",\"urlTemplate\":\"https:\/\/labmodul.com\/?s={search_term_string}\"},\"query-input\":{\"@type\":\"PropertyValueSpecification\",\"valueRequired\":true,\"valueName\":\"search_term_string\"}}],\"inLanguage\":\"da-DK\"}]}<\/script>\n<!-- \/ Yoast SEO plugin. -->","yoast_head_json":{"title":"Design & Planning - Labmodul","robots":{"index":"index","follow":"follow","max-snippet":"max-snippet:-1","max-image-preview":"max-image-preview:large","max-video-preview":"max-video-preview:-1"},"canonical":"https:\/\/labmodul.com\/da\/design-planning\/","og_locale":"da_DK","og_type":"article","og_title":"Design & Planning - Labmodul","og_description":"[ what we offer ] Our goal is to create optimal and modern interior designs. The design begins with a clear concept that is reflected in the drawings, project plans, in 3D visualizations. We ensure that workplaces meet all international standards and implement an efficient workflow in an ergonomic and flexible future-proof framework. Labmodul has [&hellip;]","og_url":"https:\/\/labmodul.com\/da\/design-planning\/","og_site_name":"Labmodul","article_modified_time":"2024-01-19T06:34:32+00:00","og_image":[{"url":"https:\/\/labmodul.com\/wp-content\/uploads\/2024\/01\/Modern-1-min-805x683.jpg","type":"","width":"","height":""}],"twitter_card":"summary_large_image","twitter_misc":{"Estimeret l\u00e6setid":"2 minutter"},"schema":{"@context":"https:\/\/schema.org","@graph":[{"@type":"WebPage","@id":"https:\/\/labmodul.com\/design-planning\/","url":"https:\/\/labmodul.com\/design-planning\/","name":"Design & Planning - Labmodul","isPartOf":{"@id":"https:\/\/labmodul.com\/#website"},"primaryImageOfPage":{"@id":"https:\/\/labmodul.com\/design-planning\/#primaryimage"},"image":{"@id":"https:\/\/labmodul.com\/design-planning\/#primaryimage"},"thumbnailUrl":"https:\/\/labmodul.com\/wp-content\/uploads\/2024\/01\/Modern-1-min-805x683.jpg","datePublished":"2020-05-15T04:45:19+00:00","dateModified":"2024-01-19T06:34:32+00:00","breadcrumb":{"@id":"https:\/\/labmodul.com\/design-planning\/#breadcrumb"},"inLanguage":"da-DK","potentialAction":[{"@type":"ReadAction","target":["https:\/\/labmodul.com\/design-planning\/"]}]},{"@type":"ImageObject","inLanguage":"da-DK","@id":"https:\/\/labmodul.com\/design-planning\/#primaryimage","url":"https:\/\/labmodul.com\/wp-content\/uploads\/2024\/01\/Modern-1-min-805x683.jpg","contentUrl":"https:\/\/labmodul.com\/wp-content\/uploads\/2024\/01\/Modern-1-min-805x683.jpg"},{"@type":"BreadcrumbList","@id":"https:\/\/labmodul.com\/design-planning\/#breadcrumb","itemListElement":[{"@type":"ListItem","position":1,"name":"Home","item":"https:\/\/labmodul.com\/"},{"@type":"ListItem","position":2,"name":"Design &#038; Planning"}]},{"@type":"WebSite","@id":"https:\/\/labmodul.com\/#website","url":"https:\/\/labmodul.com\/","name":"Labmodul","description":"Designing Safety","potentialAction":[{"@type":"SearchAction","target":{"@type":"EntryPoint","urlTemplate":"https:\/\/labmodul.com\/?s={search_term_string}"},"query-input":{"@type":"PropertyValueSpecification","valueRequired":true,"valueName":"search_term_string"}}],"inLanguage":"da-DK"}]}},"_links":{"self":[{"href":"https:\/\/labmodul.com\/da\/wp-json\/wp\/v2\/pages\/2485","targetHints":{"allow":["GET"]}}],"collection":[{"href":"https:\/\/labmodul.com\/da\/wp-json\/wp\/v2\/pages"}],"about":[{"href":"https:\/\/labmodul.com\/da\/wp-json\/wp\/v2\/types\/page"}],"author":[{"embeddable":true,"href":"https:\/\/labmodul.com\/da\/wp-json\/wp\/v2\/users\/1"}],"replies":[{"embeddable":true,"href":"https:\/\/labmodul.com\/da\/wp-json\/wp\/v2\/comments?post=2485"}],"version-history":[{"count":25,"href":"https:\/\/labmodul.com\/da\/wp-json\/wp\/v2\/pages\/2485\/revisions"}],"predecessor-version":[{"id":5629,"href":"https:\/\/labmodul.com\/da\/wp-json\/wp\/v2\/pages\/2485\/revisions\/5629"}],"wp:attachment":[{"href":"https:\/\/labmodul.com\/da\/wp-json\/wp\/v2\/media?parent=2485"}],"curies":[{"name":"wp","href":"https:\/\/api.w.org\/{rel}","templated":true}]}}